{"id":74,"date":"2022-07-31T08:40:55","date_gmt":"2022-07-31T06:40:55","guid":{"rendered":"https:\/\/www.billardunion.at\/?page_id=74"},"modified":"2024-04-12T07:41:10","modified_gmt":"2024-04-12T05:41:10","slug":"datenschutz","status":"publish","type":"page","link":"https:\/\/www.billardunion.at\/?page_id=74","title":{"rendered":"Datenschutz"},"content":{"rendered":"\n<h3 class=\"wp-block-heading\">Kommentare<\/h3>\n\n\n\n<p>Wir lassen keine Kommentare im Sinne der DSVGO auf unserer Webseite www.billardunion.at zu.<\/p>\n\n\n\n<h3 class=\"wp-block-heading\">Medien<\/h3>\n\n\n\n<p>Wenn Du an einer unserer Veranstaltung teilnimmst, verwenden wir Deine Daten: (Vorname, Nachname, Adresse, Nationalit\u00e4t, Telefonnummer, Geburtsdatum, E-Mail, Fotos) zur Identifikation f\u00fcr interne Turnier-relevante Zwecke. Medienmaterial (Fotos, Videos, etc.) verwenden wir f\u00fcr Werbezwecke zur Ank\u00fcndigung von oder Information \u00fcber Turniere bzw. andere Veranstaltungen.<\/p>\n\n\n\n<h2 class=\"wp-block-heading\">Kontaktformulare<\/h2>\n\n\n\n<p>Die erfassten Daten von Kontakt-Formularen verwenden wir ausschlie\u00dflich zur Kommunikation mit Dir selbst. Die Weitergabe an Dritte um bestimmte Anliegen abzukl\u00e4ren und zu beantworten kann dabei ebenfalls notwendig sein.<\/p>\n\n\n\n<p>Fotos, Bilder und Graphiken sind Urheberrechtlich gesch\u00fctzt. Die Bildrechte liegen bei:<\/p>\n\n\n\n<ul class=\"wp-block-list\">\n<li>Fotolia LLC, 345 Park Ave, San Jose, CA 95110 USA<\/li>\n\n\n\n<li>Andreas Kronlachner<\/li>\n\n\n\n<li>Norbert Engel<\/li>\n<\/ul>\n\n\n\n<h3 class=\"wp-block-heading\">Eingebettete Inhalte von anderen Websites<\/h3>\n\n\n\n<p>Beitr\u00e4ge auf dieser Website k\u00f6nnen eingebettete Inhalte beinhalten (z.&nbsp;B. Videos, Bilder, Beitr\u00e4ge etc.). Eingebettete Inhalte von anderen Websites verhalten sich exakt so, als ob der Besucher die andere Website besucht h\u00e4tte.<\/p>\n\n\n\n<p>Diese Websites k\u00f6nnen Daten \u00fcber Dich sammeln, Cookies benutzen, zus\u00e4tzliche Tracking-Dienste von Dritten einbetten und Deine Interaktion mit diesem eingebetteten Inhalt aufzeichnen, inklusive Deiner Interaktion mit dem eingebetteten Inhalt, falls Du ein Konto hast und auf dieser Website angemeldet bist.<\/p>\n\n\n\n<h3 class=\"wp-block-heading\">Analysedienste<\/h3>\n\n\n\n<h4 class=\"wp-block-heading\"><strong>1. Haftungsbeschr\u00e4nkung<\/strong><\/h4>\n\n\n\n<p>Die Inhalte dieser Website werden mit gr\u00f6\u00dftm\u00f6glicher Sorgfalt erstellt. Der Anbieter \u00fcbernimmt jedoch keine Gew\u00e4hr f\u00fcr die Richtigkeit, Vollst\u00e4ndigkeit und Aktualit\u00e4t derselben. Die Nutzung der Inhalte der Website erfolgt auf eigene Gefahr des Nutzers. Namentlich gekennzeichnete Beitr\u00e4ge geben die Meinung des jeweiligen Autors und nicht immer die Meinung des Anbieters wieder. Mit der reinen Nutzung der Website des Anbieters kommt keinerlei Vertragsverh\u00e4ltnis zwischen dem Nutzer und dem Anbieter zustande.<\/p>\n\n\n\n<h4 class=\"wp-block-heading\"><strong>2. Externe Links<\/strong><\/h4>\n\n\n\n<p>Diese Website enth\u00e4lt Verkn\u00fcpfungen zu Websites Dritter (\u201cExterne Links\u201d). Diese Websites unterliegen der Haftung der jeweiligen Betreiber. Der Anbieter hat bei der erstmaligen Verkn\u00fcpfung der externen Links die fremden Inhalte daraufhin \u00fcberpr\u00fcft, ob etwaige Rechtsverst\u00f6\u00dfe bestehen. Zu dem Zeitpunkt waren keine Rechtsverst\u00f6\u00dfe ersichtlich. Der Anbieter hat keinerlei Einfluss auf die aktuelle und zuk\u00fcnftige Gestaltung und auf die Inhalte der verkn\u00fcpften Seiten. Das Setzen von externen Links bedeutet nicht, dass sich der Anbieter die hinter dem Verweis oder Link liegenden Inhalte zu Eigen macht. Eine st\u00e4ndige Kontrolle der externen Links ist f\u00fcr den Anbieter ohne konkrete Hinweise auf Rechtsverst\u00f6\u00dfe nicht zumutbar. Bei Kenntnis von Rechtsverst\u00f6\u00dfen werden jedoch derartige externe Links unverz\u00fcglich gel\u00f6scht.<\/p>\n\n\n\n<h4 class=\"wp-block-heading\"><strong>3. Urheber- und Leistungsschutzrechte<\/strong><\/h4>\n\n\n\n<p>Die auf dieser Website ver\u00f6ffentlichten Inhalte unterliegen dem \u00f6sterreichischen Urheber- und Leistungsschutzrecht. Jede vom&nbsp;\u00f6sterreichischen Urheber- und Leistungsschutzrecht nicht zugelassene Verwertung bedarf der vorherigen schriftlichen Zustimmung des Anbieters oder jeweiligen Rechteinhabers. Dies gilt insbesondere f\u00fcr Vervielf\u00e4ltigung, Bearbeitung, \u00dcbersetzung, Einspeicherung, Verarbeitung bzw. Wiedergabe von Inhalten in Datenbanken oder anderen elektronischen Medien und Systemen. Inhalte und Rechte Dritter sind dabei als solche gekennzeichnet. Die unerlaubte Vervielf\u00e4ltigung oder Weitergabe einzelner Inhalte oder kompletter Seiten ist nicht gestattet und strafbar. Lediglich die Herstellung von Kopien und Downloads f\u00fcr den pers\u00f6nlichen, privaten und nicht kommerziellen Gebrauch ist erlaubt.<\/p>\n\n\n\n<p>Die Darstellung dieser Website in fremden Frames ist nur mit schriftlicher Erlaubnis zul\u00e4ssig.<\/p>\n\n\n\n<p><strong>Google-Analytics<\/strong><\/p>\n\n\n\n<p>Diese Webseite benutzt Google Analytics, einen Webanalysedienst der Google Inc. (\u201cGoogle\u201d). Google Analytics verwendet sog. \u201cCookies\u201d, Textdateien, die auf Ihrem Computer gespeichert werden und die eine Analyse der Benutzung der Website durch Sie erm\u00f6glicht. Die durch das Cookie erzeugten Informationen \u00fcber Ihre Benutzung diese Website (einschlie\u00dflich Ihrer IP-Adresse) wird an einen Server von Google in den USA \u00fcbertragen und dort gespeichert. Google wird diese Informationen benutzen, um Ihre Nutzung der Website auszuwerten, um Reports \u00fcber die Websiteaktivit\u00e4ten f\u00fcr die Websitebetreiber zusammenzustellen und um weitere mit der Websitenutzung und der Internetnutzung verbundene Dienstleistungen zu erbringen. Auch wird Google diese Informationen gegebenenfalls an Dritte \u00fcbertragen, sofern dies gesetzlich vorgeschrieben oder soweit Dritte diese Daten im Auftrag von Google verarbeiten. Google wird in keinem Fall Ihre IP-Adresse mit anderen Daten das Google in Verbindung bringen. Sie k\u00f6nnen die Installation der Cookies durch eine entsprechende Einstellung Ihrer Browser Software verhindern; wir weisen Sie jedoch darauf hin, dass Sie in diesem Fall gegebenenfalls nicht s\u00e4mtliche Funktionen dieser Website voll umf\u00e4nglich nutzen k\u00f6nnen. Durch die Nutzung dieser Website erkl\u00e4ren Sie sich mit der Bearbeitung der \u00fcber Sie erhobenen Daten durch Google in der zuvor beschriebenen Art und Weise und zu dem zuvor benannten Zweck einverstanden.<\/p>\n\n\n\n<h3 class=\"wp-block-heading\">Wie lange wir deine Daten speichern<\/h3>\n\n\n\n<p>Wenn Du einen Kommentar schreibst, wird dieser inklusive Metadaten zeitlich unbegrenzt gespeichert. Auf diese Art k\u00f6nnen wir Folgekommentare automatisch erkennen und freigeben, anstelle sie in einer Moderations-Warteschlange festzuhalten.<\/p>\n\n\n\n<p>F\u00fcr Benutzer, die sich auf unserer Website registrieren, speichern wir zus\u00e4tzlich die pers\u00f6nlichen Informationen, die sie in ihren Benutzerprofilen angeben. Alle Benutzer k\u00f6nnen jederzeit ihre pers\u00f6nlichen Informationen einsehen, ver\u00e4ndern oder l\u00f6schen (der Benutzername kann nicht ver\u00e4ndert werden). Administratoren der Website k\u00f6nnen diese Informationen ebenfalls einsehen und ver\u00e4ndern.<\/p>\n\n\n\n<h3 class=\"wp-block-heading\">Welche Rechte Du an Deinen Daten hast<\/h3>\n\n\n\n<p>Wenn Du ein Konto auf dieser Website besitzt oder Kommentare geschrieben hast, kannst Du einen Export Deiner personenbezogenen Daten bei uns anfordern, inklusive aller Daten, die Du uns mitgeteilt hast. Dar\u00fcber hinaus kannst Du die L\u00f6schung aller personenbezogenen Daten, die wir von Dir gespeichert haben, anfordern. Dies umfasst nicht die Daten, die wir aufgrund administrativer, rechtlicher oder sicherheitsrelevanter Notwendigkeiten aufbewahren m\u00fcssen.<\/p>\n\n\n\n<p>Der Schutz Deiner pers\u00f6nlichen Daten ist uns ein besonderes Anliegen. Wir verarbeiten Deine Daten daher ausschlie\u00dflich auf Grundlage der gesetzlichen Bestimmungen (DSGVO, TKG 2003). In diesen Datenschutzinformationen informieren wir Dich \u00fcber die wichtigsten Aspekte der Datenverarbeitung im Rahmen unserer Website.<\/p>\n\n\n\n<h3 class=\"wp-block-heading\" id=\"heading_Kontakt_mit_uns\">Kontakt mit uns<\/h3>\n\n\n\n<p>Wenn Du per Formular auf der Website oder per E-Mail-Kontakt mit uns aufnimmst, werden Deine eingegebenen Daten zwecks Bearbeitung der Anfrage und f\u00fcr den Fall von Anschlussfragen sechs Monate bei uns gespeichert. Diese Daten geben wir nicht ohne Deine Einwilligung weiter.<\/p>\n\n\n\n<h3 class=\"wp-block-heading\" id=\"heading_Datenspeicherung\">Cookies<\/h3>\n\n\n\n<p>Unsere Website verwendet so genannte Cookies. Dabei handelt es sich um kleine Textdateien, die mit Hilfe des Browsers auf Deinem Endger\u00e4t abgelegt werden. Sie richten keinen Schaden an.<\/p>\n\n\n\n<p>Wir nutzen Cookies dazu, unser Angebot nutzerfreundlich zu gestalten. Einige Cookies bleiben auf Deinem Endger\u00e4t gespeichert, bis Du diese l\u00f6scht. Sie erm\u00f6glichen es uns, Deinen Browser beim n\u00e4chsten Besuch wiederzuerkennen.<\/p>\n\n\n\n<p>Wenn Du dies nicht w\u00fcnscht, so kannst Du Deinen Browser so einrichten, dass er Dich \u00fcber das Setzen von Cookies informiert und Du dies nur im Einzelfall erlauben kannst. Bei der Deaktivierung von Cookies kann die Funktionalit\u00e4t unserer Website jedoch eingeschr\u00e4nkt sein.<\/p>\n\n\n\n<p>Die Datenverarbeitung erfolgt auf Basis der gesetzlichen Bestimmungen des \u00a7 96 Abs 3 TKG sowie des Art 6 Abs 1 lit a (Einwilligung) und\/oder f (berechtigtes Interesse) der DSGVO.<\/p>\n\n\n\n<p>Unser Anliegen im Sinne der DSGVO (berechtigtes Interesse) ist die Verbesserung unseres Angebotes und unseres Webauftritts.<\/p>\n\n\n\n<h3 class=\"wp-block-heading\">Deine Rechte<\/h3>\n\n\n\n<p>Der Schutz Deiner pers\u00f6nlichen Daten ist uns ein besonderes Anliegen. Wir verarbeiten Deine Daten daher ausschlie\u00dflich auf Grundlage der gesetzlichen Bestimmungen (DSGVO, TKG 2003). In diesen Datenschutzinformationen informieren wir Dich \u00fcber die wichtigsten Aspekte der Datenverarbeitung im Rahmen unserer Website. Wenn Du ein Konto auf dieser Website besitzt oder Kommentare geschrieben hast, kannst Du einen Export Deiner personenbezogenen Daten bei uns anfordern, inklusive aller pers\u00f6nlichen Daten, die Du uns mitgeteilt hast. Dar\u00fcber hinaus kannst Du die L\u00f6schung aller personenbezogenen Daten, die wir von Dir gespeichert haben, anfordern. Dies umfasst nicht die Daten, die wir aufgrund administrativer, rechtlicher oder sicherheitsrelevanter Notwendigkeiten aufbewahren m\u00fcssen.<\/p>\n\n\n\n<p>Dir stehen bez\u00fcglich Deiner bei uns gespeicherten Daten\u00a0grunds\u00e4tzlich die Rechte auf Auskunft, Berichtigung, L\u00f6schung, Einschr\u00e4nkung, Daten\u00fcbertragbarkeit, Widerruf und Widerspruch zu. Wenn Du glaubst, dass die Verarbeitung Deiner Daten gegen das Datenschutzrecht verst\u00f6\u00dft oder Deine datenschutzrechtlichen Anspr\u00fcche sonst in einer Weise verletzt worden sind, Kannst Du uns das direkt per Mail an <em>office@billardunion.at\u00a0<\/em> mitteilen oder unmittelbar der Datenschutzbeh\u00f6rde melden.<\/p>\n\n\n\n<h3 class=\"wp-block-heading\" id=\"heading_Sie_erreichen_uns_unter_folgenden_Kontaktdaten_\">Du erreichst uns auch mit folgenden Kontaktdaten:<\/h3>\n\n\n\n<p>\u00d6sterreichische Billard Union \/ ZVR Nr: 524513488<br>Scherbangasse 22<br>A-1230 Wien<br><br>Pr\u00e4sident: G\u00fcnter Kaschmitter (<a href=\"mailto:g.kaschmitter@billardunion.at\">g.kaschmitter@billardunion.at<\/a>)<br>Vizepr\u00e4sidenten: Andreas Felser (<a href=\"mailto:a.felser@billardunion.at\">a.felser@billardunion.at<\/a>), Norbert Engel (<a href=\"mailto:head@oepbv.at\">head@oepbv.at<\/a>)<br>Generalsektret\u00e4r: Peter Weingesl (<a href=\"mailto:office@billardunion.at\" target=\"_blank\" rel=\"noreferrer noopener\">office@billardunion.at<\/a>)<\/p>\n","protected":false},"excerpt":{"rendered":"<p>Kommentare Wir lassen keine Kommentare im Sinne der DSVGO auf unserer Webseite www.billardunion.at zu. Medien Wenn Du an einer unserer&#8230;<\/p>\n<p class=\"read-more\"><a class=\"btn btn-default\" href=\"https:\/\/www.billardunion.at\/?page_id=74\"> Read More<span class=\"screen-reader-text\">  Read More<\/span><\/a><\/p>\n","protected":false},"author":1,"featured_media":0,"parent":0,"menu_order":0,"comment_status":"closed","ping_status":"closed","template":"","meta":{"footnotes":""},"class_list":["post-74","page","type-page","status-publish","hentry"],"_links":{"self":[{"href":"https:\/\/www.billardunion.at\/index.php?rest_route=\/wp\/v2\/pages\/74","targetHints":{"allow":["GET"]}}],"collection":[{"href":"https:\/\/www.billardunion.at\/index.php?rest_route=\/wp\/v2\/pages"}],"about":[{"href":"https:\/\/www.billardunion.at\/index.php?rest_route=\/wp\/v2\/types\/page"}],"author":[{"embeddable":true,"href":"https:\/\/www.billardunion.at\/index.php?rest_route=\/wp\/v2\/users\/1"}],"replies":[{"embeddable":true,"href":"https:\/\/www.billardunion.at\/index.php?rest_route=%2Fwp%2Fv2%2Fcomments&post=74"}],"version-history":[{"count":8,"href":"https:\/\/www.billardunion.at\/index.php?rest_route=\/wp\/v2\/pages\/74\/revisions"}],"predecessor-version":[{"id":212,"href":"https:\/\/www.billardunion.at\/index.php?rest_route=\/wp\/v2\/pages\/74\/revisions\/212"}],"wp:attachment":[{"href":"https:\/\/www.billardunion.at\/index.php?rest_route=%2Fwp%2Fv2%2Fmedia&parent=74"}],"curies":[{"name":"wp","href":"https:\/\/api.w.org\/{rel}","templated":true}]}}