{"id":29,"date":"2022-07-18T15:58:46","date_gmt":"2022-07-18T13:58:46","guid":{"rendered":"http:\/\/www.billardunion.at\/?page_id=29"},"modified":"2024-04-15T23:00:01","modified_gmt":"2024-04-15T21:00:01","slug":"anti-doping","status":"publish","type":"page","link":"https:\/\/www.billardunion.at\/?page_id=29","title":{"rendered":"Anti Doping"},"content":{"rendered":"\n<div class=\"wp-block-columns is-layout-flex wp-container-core-columns-is-layout-9d6595d7 wp-block-columns-is-layout-flex\">\n<div class=\"wp-block-column is-layout-flow wp-block-column-is-layout-flow\">\n<p><span style=\"text-decoration: underline;\">Anti-Doping Referat<\/span><\/p>\n\n\n\n<p>Dr. Petra SCHOLZE<br>Hackengasse 21<br>1150 Wien<br>Tel.: +43 699 10038557<br>Mail: <a href=\"mailto:p.scholze@billardunion.at\" target=\"_blank\" rel=\"noreferrer noopener\">p.scholze@billardunion.at<\/a><\/p>\n<\/div>\n\n\n\n<div class=\"wp-block-column is-layout-flow wp-block-column-is-layout-flow\">\n<figure class=\"wp-block-image size-large\"><img loading=\"lazy\" decoding=\"async\" width=\"1024\" height=\"576\" src=\"https:\/\/www.billardunion.at\/wp-content\/uploads\/2024\/04\/BSVOe_Delegiertenversammlung_PetraScholze_DSCF8243_1280x720cOeBU_AK-1024x576.jpg\" alt=\"\" class=\"wp-image-280\" srcset=\"https:\/\/www.billardunion.at\/wp-content\/uploads\/2024\/04\/BSVOe_Delegiertenversammlung_PetraScholze_DSCF8243_1280x720cOeBU_AK-1024x576.jpg 1024w, https:\/\/www.billardunion.at\/wp-content\/uploads\/2024\/04\/BSVOe_Delegiertenversammlung_PetraScholze_DSCF8243_1280x720cOeBU_AK-300x169.jpg 300w, https:\/\/www.billardunion.at\/wp-content\/uploads\/2024\/04\/BSVOe_Delegiertenversammlung_PetraScholze_DSCF8243_1280x720cOeBU_AK-768x432.jpg 768w, https:\/\/www.billardunion.at\/wp-content\/uploads\/2024\/04\/BSVOe_Delegiertenversammlung_PetraScholze_DSCF8243_1280x720cOeBU_AK-480x270.jpg 480w, https:\/\/www.billardunion.at\/wp-content\/uploads\/2024\/04\/BSVOe_Delegiertenversammlung_PetraScholze_DSCF8243_1280x720cOeBU_AK-850x478.jpg 850w, https:\/\/www.billardunion.at\/wp-content\/uploads\/2024\/04\/BSVOe_Delegiertenversammlung_PetraScholze_DSCF8243_1280x720cOeBU_AK.jpg 1280w\" sizes=\"auto, (max-width: 1024px) 100vw, 1024px\" \/><\/figure>\n<\/div>\n<\/div>\n\n\n\n<p>Da die \u00d6sterreichische Billard Union der Bundessportorganisation (Fachorganisation f\u00fcr alle Sportverb\u00e4nde) angeh\u00f6rt und j\u00e4hrlich Sportf\u00f6rdergelder erh\u00e4lt, unterliegt der offizielle \u00f6sterreichische Sportbetrieb und die bewilligten Bewerbe dem Antidoping Reglement.<\/p>\n\n\n\n<p><strong>Indem du eine Lizenz bei einem der Spartenverb\u00e4nde erwirbst unterwirfst du dich automatisch dem Anti Doping Bundesgesetz 2021<\/strong><strong>!<\/strong><\/p>\n\n\n\n<p>Daher k\u00f6nnen an allen vom \u00d6PBV genehmigten Bewerben zu jeder Zeit und unaufgefordert Dopingkontrollen von den offiziellen Inspektoren der NADA durchgef\u00fchrt werden. Zu deiner Information stellen wir dir hier nachstehend alle wichtigen Informationen rund um das Thema Doping zur Verf\u00fcgung.<\/p>\n\n\n\n<p><strong><br>Weitere Informationen<\/strong><\/p>\n\n\n\n<ul class=\"wp-block-list\">\n<li><a href=\"https:\/\/www.nada.at\/de\/praevention\/dopipedia\" target=\"_blank\" rel=\"noreferrer noopener\">Dopipedia<\/a> &#8211; Was, Wer, Warum, Risiken<\/li>\n\n\n\n<li>Wie verl\u00e4uft eine <a href=\"https:\/\/www.nada.at\/de\/kontrolle\/dopingkontrolle\" target=\"_blank\" rel=\"noreferrer noopener\">Dopingkontrolle<\/a>?<\/li>\n\n\n\n<li>Wie verl\u00e4uft ein <a href=\"https:\/\/www.nada.at\/de\/recht\/anti-doping-verfahren\" target=\"_blank\" rel=\"noreferrer noopener\">Dopingverfahren<\/a><\/li>\n\n\n\n<li>Meine <a href=\"https:\/\/www.nada.at\/de\/kontrolle\/rechte-pflichten\" target=\"_blank\" rel=\"noreferrer noopener\">Rechte &amp; Pflichten<\/a><\/li>\n\n\n\n<li>Welche Substanzen sind erlaubt &#8211; <a href=\"https:\/\/www.nada.at\/de\/praevention\/online\" target=\"_blank\" rel=\"noreferrer noopener\">Anti-Doping Liste<\/a><\/li>\n\n\n\n<li><a href=\"https:\/\/www.nada.at\/de\/praevention\/online\" target=\"_blank\" rel=\"noreferrer noopener\">Online-Schulungen des NADA Austria<\/a><\/li>\n\n\n\n<li><a href=\"https:\/\/www.nada.at\/de\/kontrolle\/ungewollt-gedopt\" target=\"_blank\" rel=\"noreferrer noopener\">Ungewollt gedopt<\/a>\u00a0&#8211; Aufkl\u00e4rung<\/li>\n\n\n\n<li><a href=\"https:\/\/www.youtube.com\/channel\/UCs9uzWQlfVsU5UhgWvivnKw\" target=\"_blank\" rel=\"noreferrer noopener\">YouTube Infovideos<\/a><\/li>\n<\/ul>\n\n\n\n<p><br>Quelle:&nbsp;<a href=\"http:\/\/www.nada.at\" target=\"_blank\" rel=\"noreferrer noopener\">NADA Austria<\/a><\/p>\n","protected":false},"excerpt":{"rendered":"<p>Anti-Doping Referat Dr. Petra SCHOLZEHackengasse 211150 WienTel.: +43 699 10038557Mail: p.scholze@billardunion.at Da die \u00d6sterreichische Billard Union der Bundessportorganisation (Fachorganisation f\u00fcr&#8230;<\/p>\n<p class=\"read-more\"><a class=\"btn btn-default\" href=\"https:\/\/www.billardunion.at\/?page_id=29\"> Read More<span class=\"screen-reader-text\">  Read More<\/span><\/a><\/p>\n","protected":false},"author":1,"featured_media":145,"parent":0,"menu_order":0,"comment_status":"closed","ping_status":"closed","template":"","meta":{"footnotes":""},"class_list":["post-29","page","type-page","status-publish","has-post-thumbnail","hentry"],"_links":{"self":[{"href":"https:\/\/www.billardunion.at\/index.php?rest_route=\/wp\/v2\/pages\/29","targetHints":{"allow":["GET"]}}],"collection":[{"href":"https:\/\/www.billardunion.at\/index.php?rest_route=\/wp\/v2\/pages"}],"about":[{"href":"https:\/\/www.billardunion.at\/index.php?rest_route=\/wp\/v2\/types\/page"}],"author":[{"embeddable":true,"href":"https:\/\/www.billardunion.at\/index.php?rest_route=\/wp\/v2\/users\/1"}],"replies":[{"embeddable":true,"href":"https:\/\/www.billardunion.at\/index.php?rest_route=%2Fwp%2Fv2%2Fcomments&post=29"}],"version-history":[{"count":5,"href":"https:\/\/www.billardunion.at\/index.php?rest_route=\/wp\/v2\/pages\/29\/revisions"}],"predecessor-version":[{"id":281,"href":"https:\/\/www.billardunion.at\/index.php?rest_route=\/wp\/v2\/pages\/29\/revisions\/281"}],"wp:featuredmedia":[{"embeddable":true,"href":"https:\/\/www.billardunion.at\/index.php?rest_route=\/wp\/v2\/media\/145"}],"wp:attachment":[{"href":"https:\/\/www.billardunion.at\/index.php?rest_route=%2Fwp%2Fv2%2Fmedia&parent=29"}],"curies":[{"name":"wp","href":"https:\/\/api.w.org\/{rel}","templated":true}]}}