{"id":25,"date":"2022-07-18T15:58:46","date_gmt":"2022-07-18T13:58:46","guid":{"rendered":"http:\/\/www.billardunion.at\/?page_id=25"},"modified":"2024-04-12T06:37:45","modified_gmt":"2024-04-12T04:37:45","slug":"carambol","status":"publish","type":"page","link":"https:\/\/www.billardunion.at\/?page_id=25","title":{"rendered":"Carambol"},"content":{"rendered":"\n<p>Karambolage, auch Karambol bzw. Carambol, Billardkarambol oder Karambolagebillard, (von franz\u00f6sisch carambole f\u00fcr die rote Billardkugel, die an eine rote Billardkugel erinnern soll ist eine Billard-Variante, die mit nur drei (sehr selten auch vier) Kugeln in verschiedenen Spielarten\/Disziplinen gespielt wird. Wie alle Billard-Varianten ist Karambolage eine Pr\u00e4zisionssportart.<\/p>\n\n\n\n<p>Die Kugeln werden im Fachjargon \u201eB\u00e4lle\u201c genannt. Sie haben seit den 1980er Jahren die Farben rot, wei\u00df und gelb. \u00c4ltere Balls\u00e4tze haben einen dunkelroten Ball und zwei wei\u00dfe B\u00e4lle, von denen einer mit zwei gegen\u00fcber liegenden schwarzen Punkten oder kleinen schwarzen Kreisen markiert ist. Dies ist jedoch f\u00fcr Zuschauer kaum zu erkennen und so werden bei Turnieren nur noch Balls\u00e4tze mit unterschiedlichen Farben verwendet. Der wei\u00dfe und der gelbe Ball k\u00f6nnen auch rote Punkte haben, womit ein Effet der B\u00e4lle f\u00fcr die Zuschauer leichter erkennbar ist. Die Karambolage-Kugeln z\u00e4hlen mit 61,5 mm zu den gr\u00f6\u00dften Kugeln aller Billard-Spielarten.<\/p>\n\n\n\n<p>Im Gegensatz zum Poolbillard oder Snooker hat der Tisch beim Karambolage keine Taschen, da hier keine B\u00e4lle versenkt werden.<br><sup><em>Quelle: Wikipedia<\/em><\/sup><br><br>Mehr Informationen findet Ihr im Spartenverband <a href=\"https:\/\/www.bsvoe.com\" data-type=\"link\" data-id=\"https:\/\/www.bsvoe.com\" target=\"_blank\" rel=\"noreferrer noopener\">BSV\u00d6 (Billard Sportverband \u00d6sterreich)<\/a>.<\/p>\n\n\n\n<div class=\"wp-block-group\"><div class=\"wp-block-group__inner-container is-layout-constrained wp-block-group-is-layout-constrained\">\n<figure class=\"wp-block-gallery has-nested-images columns-default is-cropped wp-block-gallery-1 is-layout-flex wp-block-gallery-is-layout-flex\">\n<figure class=\"wp-block-image size-large\"><img loading=\"lazy\" decoding=\"async\" width=\"1024\" height=\"683\" data-id=\"190\" src=\"https:\/\/www.billardunion.at\/wp-content\/uploads\/2024\/04\/OeSTM_Dreiband_Wien_Jan2024_BettinaMatulla_DSCF0005_cOeBU_AndreasKronlachner-1024x683.jpg\" alt=\"\" class=\"wp-image-190\" srcset=\"https:\/\/www.billardunion.at\/wp-content\/uploads\/2024\/04\/OeSTM_Dreiband_Wien_Jan2024_BettinaMatulla_DSCF0005_cOeBU_AndreasKronlachner-1024x683.jpg 1024w, https:\/\/www.billardunion.at\/wp-content\/uploads\/2024\/04\/OeSTM_Dreiband_Wien_Jan2024_BettinaMatulla_DSCF0005_cOeBU_AndreasKronlachner-300x200.jpg 300w, https:\/\/www.billardunion.at\/wp-content\/uploads\/2024\/04\/OeSTM_Dreiband_Wien_Jan2024_BettinaMatulla_DSCF0005_cOeBU_AndreasKronlachner-768x512.jpg 768w, https:\/\/www.billardunion.at\/wp-content\/uploads\/2024\/04\/OeSTM_Dreiband_Wien_Jan2024_BettinaMatulla_DSCF0005_cOeBU_AndreasKronlachner-1536x1024.jpg 1536w, https:\/\/www.billardunion.at\/wp-content\/uploads\/2024\/04\/OeSTM_Dreiband_Wien_Jan2024_BettinaMatulla_DSCF0005_cOeBU_AndreasKronlachner-2048x1366.jpg 2048w, https:\/\/www.billardunion.at\/wp-content\/uploads\/2024\/04\/OeSTM_Dreiband_Wien_Jan2024_BettinaMatulla_DSCF0005_cOeBU_AndreasKronlachner-405x270.jpg 405w, https:\/\/www.billardunion.at\/wp-content\/uploads\/2024\/04\/OeSTM_Dreiband_Wien_Jan2024_BettinaMatulla_DSCF0005_cOeBU_AndreasKronlachner-850x567.jpg 850w\" sizes=\"auto, (max-width: 1024px) 100vw, 1024px\" \/><\/figure>\n\n\n\n<figure class=\"wp-block-image size-large\"><img loading=\"lazy\" decoding=\"async\" width=\"1024\" height=\"576\" data-id=\"188\" src=\"https:\/\/www.billardunion.at\/wp-content\/uploads\/2024\/04\/OeSTM_5-Kegel_Floridsdorf_Okt2023_DSCF9346_MQcOeBU_AndreasKronlachner-1-1024x576.jpg\" alt=\"\" class=\"wp-image-188\" srcset=\"https:\/\/www.billardunion.at\/wp-content\/uploads\/2024\/04\/OeSTM_5-Kegel_Floridsdorf_Okt2023_DSCF9346_MQcOeBU_AndreasKronlachner-1-1024x576.jpg 1024w, https:\/\/www.billardunion.at\/wp-content\/uploads\/2024\/04\/OeSTM_5-Kegel_Floridsdorf_Okt2023_DSCF9346_MQcOeBU_AndreasKronlachner-1-300x169.jpg 300w, https:\/\/www.billardunion.at\/wp-content\/uploads\/2024\/04\/OeSTM_5-Kegel_Floridsdorf_Okt2023_DSCF9346_MQcOeBU_AndreasKronlachner-1-768x432.jpg 768w, https:\/\/www.billardunion.at\/wp-content\/uploads\/2024\/04\/OeSTM_5-Kegel_Floridsdorf_Okt2023_DSCF9346_MQcOeBU_AndreasKronlachner-1-1536x864.jpg 1536w, https:\/\/www.billardunion.at\/wp-content\/uploads\/2024\/04\/OeSTM_5-Kegel_Floridsdorf_Okt2023_DSCF9346_MQcOeBU_AndreasKronlachner-1-2048x1152.jpg 2048w, https:\/\/www.billardunion.at\/wp-content\/uploads\/2024\/04\/OeSTM_5-Kegel_Floridsdorf_Okt2023_DSCF9346_MQcOeBU_AndreasKronlachner-1-480x270.jpg 480w, https:\/\/www.billardunion.at\/wp-content\/uploads\/2024\/04\/OeSTM_5-Kegel_Floridsdorf_Okt2023_DSCF9346_MQcOeBU_AndreasKronlachner-1-850x478.jpg 850w\" sizes=\"auto, (max-width: 1024px) 100vw, 1024px\" \/><\/figure>\n\n\n\n<figure class=\"wp-block-image size-large\"><img loading=\"lazy\" decoding=\"async\" width=\"1024\" height=\"683\" data-id=\"186\" src=\"https:\/\/www.billardunion.at\/wp-content\/uploads\/2024\/04\/OeSTM_5-Kegel_Wien_Okt2023_AndreasFelser_DSCF9402_cOeBU_AndreasKronlachner-1024x683.jpg\" alt=\"\" class=\"wp-image-186\" srcset=\"https:\/\/www.billardunion.at\/wp-content\/uploads\/2024\/04\/OeSTM_5-Kegel_Wien_Okt2023_AndreasFelser_DSCF9402_cOeBU_AndreasKronlachner-1024x683.jpg 1024w, https:\/\/www.billardunion.at\/wp-content\/uploads\/2024\/04\/OeSTM_5-Kegel_Wien_Okt2023_AndreasFelser_DSCF9402_cOeBU_AndreasKronlachner-300x200.jpg 300w, https:\/\/www.billardunion.at\/wp-content\/uploads\/2024\/04\/OeSTM_5-Kegel_Wien_Okt2023_AndreasFelser_DSCF9402_cOeBU_AndreasKronlachner-768x512.jpg 768w, https:\/\/www.billardunion.at\/wp-content\/uploads\/2024\/04\/OeSTM_5-Kegel_Wien_Okt2023_AndreasFelser_DSCF9402_cOeBU_AndreasKronlachner-1536x1024.jpg 1536w, https:\/\/www.billardunion.at\/wp-content\/uploads\/2024\/04\/OeSTM_5-Kegel_Wien_Okt2023_AndreasFelser_DSCF9402_cOeBU_AndreasKronlachner-2048x1365.jpg 2048w, https:\/\/www.billardunion.at\/wp-content\/uploads\/2024\/04\/OeSTM_5-Kegel_Wien_Okt2023_AndreasFelser_DSCF9402_cOeBU_AndreasKronlachner-405x270.jpg 405w, https:\/\/www.billardunion.at\/wp-content\/uploads\/2024\/04\/OeSTM_5-Kegel_Wien_Okt2023_AndreasFelser_DSCF9402_cOeBU_AndreasKronlachner-850x567.jpg 850w\" sizes=\"auto, (max-width: 1024px) 100vw, 1024px\" \/><\/figure>\n\n\n\n<figure class=\"wp-block-image size-large\"><img loading=\"lazy\" decoding=\"async\" width=\"1024\" height=\"576\" data-id=\"184\" src=\"https:\/\/www.billardunion.at\/wp-content\/uploads\/2024\/04\/OeSTM_Dreiband_Wien_Jan2023_WienerBillardAssoziation_DSCF8400_cOeBU_AndreasKronlachner-1024x576.jpg\" alt=\"\" class=\"wp-image-184\" srcset=\"https:\/\/www.billardunion.at\/wp-content\/uploads\/2024\/04\/OeSTM_Dreiband_Wien_Jan2023_WienerBillardAssoziation_DSCF8400_cOeBU_AndreasKronlachner-1024x576.jpg 1024w, https:\/\/www.billardunion.at\/wp-content\/uploads\/2024\/04\/OeSTM_Dreiband_Wien_Jan2023_WienerBillardAssoziation_DSCF8400_cOeBU_AndreasKronlachner-300x169.jpg 300w, https:\/\/www.billardunion.at\/wp-content\/uploads\/2024\/04\/OeSTM_Dreiband_Wien_Jan2023_WienerBillardAssoziation_DSCF8400_cOeBU_AndreasKronlachner-768x432.jpg 768w, https:\/\/www.billardunion.at\/wp-content\/uploads\/2024\/04\/OeSTM_Dreiband_Wien_Jan2023_WienerBillardAssoziation_DSCF8400_cOeBU_AndreasKronlachner-1536x864.jpg 1536w, https:\/\/www.billardunion.at\/wp-content\/uploads\/2024\/04\/OeSTM_Dreiband_Wien_Jan2023_WienerBillardAssoziation_DSCF8400_cOeBU_AndreasKronlachner-2048x1152.jpg 2048w, https:\/\/www.billardunion.at\/wp-content\/uploads\/2024\/04\/OeSTM_Dreiband_Wien_Jan2023_WienerBillardAssoziation_DSCF8400_cOeBU_AndreasKronlachner-480x270.jpg 480w, https:\/\/www.billardunion.at\/wp-content\/uploads\/2024\/04\/OeSTM_Dreiband_Wien_Jan2023_WienerBillardAssoziation_DSCF8400_cOeBU_AndreasKronlachner-850x478.jpg 850w\" sizes=\"auto, (max-width: 1024px) 100vw, 1024px\" \/><\/figure>\n\n\n\n<figure class=\"wp-block-image size-large\"><img loading=\"lazy\" decoding=\"async\" width=\"1024\" height=\"819\" data-id=\"193\" src=\"https:\/\/www.billardunion.at\/wp-content\/uploads\/2024\/04\/OeSTM_BillardArtistik_StPoelten_Nov2022_ManfredHekerle_IMG_3983_HORI_cFlorianThurn-1024x819.jpg\" alt=\"\" class=\"wp-image-193\" srcset=\"https:\/\/www.billardunion.at\/wp-content\/uploads\/2024\/04\/OeSTM_BillardArtistik_StPoelten_Nov2022_ManfredHekerle_IMG_3983_HORI_cFlorianThurn-1024x819.jpg 1024w, https:\/\/www.billardunion.at\/wp-content\/uploads\/2024\/04\/OeSTM_BillardArtistik_StPoelten_Nov2022_ManfredHekerle_IMG_3983_HORI_cFlorianThurn-300x240.jpg 300w, https:\/\/www.billardunion.at\/wp-content\/uploads\/2024\/04\/OeSTM_BillardArtistik_StPoelten_Nov2022_ManfredHekerle_IMG_3983_HORI_cFlorianThurn-768x614.jpg 768w, https:\/\/www.billardunion.at\/wp-content\/uploads\/2024\/04\/OeSTM_BillardArtistik_StPoelten_Nov2022_ManfredHekerle_IMG_3983_HORI_cFlorianThurn-338x270.jpg 338w, https:\/\/www.billardunion.at\/wp-content\/uploads\/2024\/04\/OeSTM_BillardArtistik_StPoelten_Nov2022_ManfredHekerle_IMG_3983_HORI_cFlorianThurn-850x680.jpg 850w, https:\/\/www.billardunion.at\/wp-content\/uploads\/2024\/04\/OeSTM_BillardArtistik_StPoelten_Nov2022_ManfredHekerle_IMG_3983_HORI_cFlorianThurn.jpg 1365w\" sizes=\"auto, (max-width: 1024px) 100vw, 1024px\" \/><\/figure>\n\n\n\n<figure class=\"wp-block-image size-large\"><img loading=\"lazy\" decoding=\"async\" width=\"683\" height=\"1024\" data-id=\"194\" src=\"https:\/\/www.billardunion.at\/wp-content\/uploads\/2024\/04\/OeSTM_BillardArtistik_StPoelten_Nov2022_KenDahlke_IMG_3661_cFlorianThurn-683x1024.jpg\" alt=\"\" class=\"wp-image-194\" srcset=\"https:\/\/www.billardunion.at\/wp-content\/uploads\/2024\/04\/OeSTM_BillardArtistik_StPoelten_Nov2022_KenDahlke_IMG_3661_cFlorianThurn-683x1024.jpg 683w, https:\/\/www.billardunion.at\/wp-content\/uploads\/2024\/04\/OeSTM_BillardArtistik_StPoelten_Nov2022_KenDahlke_IMG_3661_cFlorianThurn-200x300.jpg 200w, https:\/\/www.billardunion.at\/wp-content\/uploads\/2024\/04\/OeSTM_BillardArtistik_StPoelten_Nov2022_KenDahlke_IMG_3661_cFlorianThurn-768x1152.jpg 768w, https:\/\/www.billardunion.at\/wp-content\/uploads\/2024\/04\/OeSTM_BillardArtistik_StPoelten_Nov2022_KenDahlke_IMG_3661_cFlorianThurn-1024x1536.jpg 1024w, https:\/\/www.billardunion.at\/wp-content\/uploads\/2024\/04\/OeSTM_BillardArtistik_StPoelten_Nov2022_KenDahlke_IMG_3661_cFlorianThurn-180x270.jpg 180w, https:\/\/www.billardunion.at\/wp-content\/uploads\/2024\/04\/OeSTM_BillardArtistik_StPoelten_Nov2022_KenDahlke_IMG_3661_cFlorianThurn-666x999.jpg 666w, https:\/\/www.billardunion.at\/wp-content\/uploads\/2024\/04\/OeSTM_BillardArtistik_StPoelten_Nov2022_KenDahlke_IMG_3661_cFlorianThurn.jpg 1365w\" sizes=\"auto, (max-width: 683px) 100vw, 683px\" \/><\/figure>\n<\/figure>\n<\/div><\/div>\n","protected":false},"excerpt":{"rendered":"<p>Karambolage, auch Karambol bzw. Carambol, Billardkarambol oder Karambolagebillard, (von franz\u00f6sisch carambole f\u00fcr die rote Billardkugel, die an eine rote Billardkugel&#8230;<\/p>\n<p class=\"read-more\"><a class=\"btn btn-default\" href=\"https:\/\/www.billardunion.at\/?page_id=25\"> Read More<span class=\"screen-reader-text\">  Read More<\/span><\/a><\/p>\n","protected":false},"author":1,"featured_media":168,"parent":0,"menu_order":0,"comment_status":"closed","ping_status":"closed","template":"","meta":{"footnotes":""},"class_list":["post-25","page","type-page","status-publish","has-post-thumbnail","hentry"],"_links":{"self":[{"href":"https:\/\/www.billardunion.at\/index.php?rest_route=\/wp\/v2\/pages\/25","targetHints":{"allow":["GET"]}}],"collection":[{"href":"https:\/\/www.billardunion.at\/index.php?rest_route=\/wp\/v2\/pages"}],"about":[{"href":"https:\/\/www.billardunion.at\/index.php?rest_route=\/wp\/v2\/types\/page"}],"author":[{"embeddable":true,"href":"https:\/\/www.billardunion.at\/index.php?rest_route=\/wp\/v2\/users\/1"}],"replies":[{"embeddable":true,"href":"https:\/\/www.billardunion.at\/index.php?rest_route=%2Fwp%2Fv2%2Fcomments&post=25"}],"version-history":[{"count":8,"href":"https:\/\/www.billardunion.at\/index.php?rest_route=\/wp\/v2\/pages\/25\/revisions"}],"predecessor-version":[{"id":195,"href":"https:\/\/www.billardunion.at\/index.php?rest_route=\/wp\/v2\/pages\/25\/revisions\/195"}],"wp:featuredmedia":[{"embeddable":true,"href":"https:\/\/www.billardunion.at\/index.php?rest_route=\/wp\/v2\/media\/168"}],"wp:attachment":[{"href":"https:\/\/www.billardunion.at\/index.php?rest_route=%2Fwp%2Fv2%2Fmedia&parent=25"}],"curies":[{"name":"wp","href":"https:\/\/api.w.org\/{rel}","templated":true}]}}