{"id":23,"date":"2022-07-18T15:58:46","date_gmt":"2022-07-18T13:58:46","guid":{"rendered":"http:\/\/www.billardunion.at\/?page_id=23"},"modified":"2025-10-22T19:42:43","modified_gmt":"2025-10-22T17:42:43","slug":"impressum","status":"publish","type":"page","link":"https:\/\/www.billardunion.at\/?page_id=23","title":{"rendered":"Impressum"},"content":{"rendered":"\n<p><strong>\u00d6sterreichische Billard Union<\/strong> \/ ZVR Nr.: 524513488<br>Scherbangasse 22<br>A-1230 Wien<br><br>Pr\u00e4sident: Andreas Felser<br>Vizepr\u00e4sident: Patrick Stegmeier, Norbert Engel<br><a href=\"https:\/\/www.billardunion.at\">www.billardunion.at<\/a><br><a href=\"mailto:office@billardunion.at\" target=\"_blank\" rel=\"noreferrer noopener\">office@billardunion.at<\/a><br><br><span style=\"text-decoration: underline;\"><strong>Offenlegung nach \u00a7 25 Mediengesetz \/ Copyright \/ Haftung<\/strong><\/span><br>www.billardunion.at \/ ist ein Projekt der \u00d6Sterreichischen Billardunion (\u00d6BU). Die \u00d6BU ist f\u00fcr die inhaltliche Gestaltung der Seite verantwortlich und ist sowohl Medieninhaber als auch Herausgeber. Im Hinblick auf die technischen Eigenschaften des Internet kann keine Gew\u00e4hr f\u00fcr die Authentizit\u00e4t, Richtigkeit und Vollst\u00e4ndigkeit der im Internet zur Verf\u00fcgung gestellten Informationen \u00fcbernommen werden. Weiters wird auch keine Gew\u00e4hr f\u00fcr die Verf\u00fcgbarkeit oder den Betrieb der gegenst\u00e4ndlichen Homepage und ihrer Inhalte \u00fcbernommen. Jede Haftung f\u00fcr unmittelbare, mittelbare oder sonstige Sch\u00e4den, unabh\u00e4ngig von deren Ursachen, die aus der Benutzung oder Nichtverf\u00fcgbarkeit der Daten und Informationen dieser Homepage erwachsen, wird, soweit rechtlich zul\u00e4ssig, ausgeschlossen. Der Inhalt dieser Homepage ist urheberrechtlich gesch\u00fctzt. Die Informationen sind nur f\u00fcr die pers\u00f6nliche Verwendung bestimmt. Jede weitergehende Nutzung insbesondere die Speicherung in Datenbanken, Vervielf\u00e4ltigung und jede Form von gewerblicher Nutzung sowie die Weitergabe an Dritte \u2013 auch in Teilen oder in \u00fcberarbeiteter Form \u2013 ist ohne Zustimmung der \u00d6BU untersagt. Die \u00d6BU weist darauf hin, dass f\u00fcr die Inhalte der Hyperlinks keine Verantwortung und keine Haftung \u00fcbernommen wird. Jede Einbindung einzelner Seiten oder sonstiger Ausz\u00fcge von www.billardunion.at in fremde Frames ist untersagt.<\/p>\n\n\n\n<p>\u00a9 Copyright \u00d6sterreichische Billardunion 2024, all rights reserved<\/p>\n","protected":false},"excerpt":{"rendered":"<p>\u00d6sterreichische Billard Union \/ ZVR Nr.: 524513488Scherbangasse 22A-1230 Wien Pr\u00e4sident: Andreas FelserVizepr\u00e4sident: Patrick Stegmeier, Norbert Engelwww.billardunion.atoffice@billardunion.at Offenlegung nach \u00a7 25&#8230;<\/p>\n<p class=\"read-more\"><a class=\"btn btn-default\" href=\"https:\/\/www.billardunion.at\/?page_id=23\"> Read More<span class=\"screen-reader-text\">  Read More<\/span><\/a><\/p>\n","protected":false},"author":1,"featured_media":0,"parent":0,"menu_order":0,"comment_status":"closed","ping_status":"closed","template":"","meta":{"footnotes":""},"class_list":["post-23","page","type-page","status-publish","hentry"],"_links":{"self":[{"href":"https:\/\/www.billardunion.at\/index.php?rest_route=\/wp\/v2\/pages\/23","targetHints":{"allow":["GET"]}}],"collection":[{"href":"https:\/\/www.billardunion.at\/index.php?rest_route=\/wp\/v2\/pages"}],"about":[{"href":"https:\/\/www.billardunion.at\/index.php?rest_route=\/wp\/v2\/types\/page"}],"author":[{"embeddable":true,"href":"https:\/\/www.billardunion.at\/index.php?rest_route=\/wp\/v2\/users\/1"}],"replies":[{"embeddable":true,"href":"https:\/\/www.billardunion.at\/index.php?rest_route=%2Fwp%2Fv2%2Fcomments&post=23"}],"version-history":[{"count":8,"href":"https:\/\/www.billardunion.at\/index.php?rest_route=\/wp\/v2\/pages\/23\/revisions"}],"predecessor-version":[{"id":1548,"href":"https:\/\/www.billardunion.at\/index.php?rest_route=\/wp\/v2\/pages\/23\/revisions\/1548"}],"wp:attachment":[{"href":"https:\/\/www.billardunion.at\/index.php?rest_route=%2Fwp%2Fv2%2Fmedia&parent=23"}],"curies":[{"name":"wp","href":"https:\/\/api.w.org\/{rel}","templated":true}]}}